{"id":9854,"date":"2021-03-18T16:38:14","date_gmt":"2021-03-18T15:38:14","guid":{"rendered":"https:\/\/kasaisushi.dk\/norrebro\/?page_id=9854"},"modified":"2024-08-21T23:51:10","modified_gmt":"2024-08-21T21:51:10","slug":"ofte-stillede-spoergsmaal","status":"publish","type":"page","link":"https:\/\/kasaisushi.dk\/norrebro\/ofte-stillede-spoergsmaal","title":{"rendered":"Ofte stillede sp\u00f8rgsm\u00e5l"},"content":{"rendered":"","protected":false},"excerpt":{"rendered":"","protected":false},"author":3,"featured_media":0,"parent":0,"menu_order":0,"comment_status":"closed","ping_status":"closed","template":"","meta":{"footnotes":""},"acf":[],"yoast_head":"<!-- This site is optimized with the Yoast SEO plugin v21.9.1 - https:\/\/yoast.com\/wordpress\/plugins\/seo\/ -->\n<title>Ofte stillede sp\u00f8rgsm\u00e5l - Kasai N\u00f8rrebro<\/title>\n<meta name=\"robots\" content=\"index, follow, max-snippet:-1, max-image-preview:large, max-video-preview:-1\" \/>\n<link rel=\"canonical\" href=\"https:\/\/kasaisushi.dk\/norrebro\/ofte-stillede-spoergsmaal\" \/>\n<meta property=\"og:locale\" content=\"da_DK\" \/>\n<meta property=\"og:type\" content=\"article\" \/>\n<meta property=\"og:title\" content=\"Ofte stillede sp\u00f8rgsm\u00e5l - Kasai N\u00f8rrebro\" \/>\n<meta property=\"og:url\" content=\"https:\/\/kasaisushi.dk\/norrebro\/ofte-stillede-spoergsmaal\" \/>\n<meta property=\"og:site_name\" content=\"Kasai N\u00f8rrebro\" \/>\n<meta property=\"article:modified_time\" content=\"2024-08-21T21:51:10+00:00\" \/>\n<meta name=\"twitter:card\" content=\"summary_large_image\" \/>\n<meta name=\"twitter:label1\" content=\"Estimeret l\u00e6setid\" \/>\n\t<meta name=\"twitter:data1\" content=\"8 minutter\" \/>\n<!-- \/ Yoast SEO plugin. -->","yoast_head_json":{"title":"Ofte stillede sp\u00f8rgsm\u00e5l - Kasai N\u00f8rrebro","robots":{"index":"index","follow":"follow","max-snippet":"max-snippet:-1","max-image-preview":"max-image-preview:large","max-video-preview":"max-video-preview:-1"},"canonical":"https:\/\/kasaisushi.dk\/norrebro\/ofte-stillede-spoergsmaal","og_locale":"da_DK","og_type":"article","og_title":"Ofte stillede sp\u00f8rgsm\u00e5l - Kasai N\u00f8rrebro","og_url":"https:\/\/kasaisushi.dk\/norrebro\/ofte-stillede-spoergsmaal","og_site_name":"Kasai N\u00f8rrebro","article_modified_time":"2024-08-21T21:51:10+00:00","twitter_card":"summary_large_image","twitter_misc":{"Estimeret l\u00e6setid":"8 minutter"},"schema":{"@context":"https:\/\/schema.org","@graph":[{"@type":"WebPage","@id":"https:\/\/kasaisushi.dk\/norrebro\/ofte-stillede-spoergsmaal","url":"https:\/\/kasaisushi.dk\/norrebro\/ofte-stillede-spoergsmaal","name":"Ofte stillede sp\u00f8rgsm\u00e5l - Kasai N\u00f8rrebro","isPartOf":{"@id":"https:\/\/kasaisushi.dk\/norrebro\/#website"},"datePublished":"2021-03-18T15:38:14+00:00","dateModified":"2024-08-21T21:51:10+00:00","breadcrumb":{"@id":"https:\/\/kasaisushi.dk\/norrebro\/ofte-stillede-spoergsmaal#breadcrumb"},"inLanguage":"da-DK","potentialAction":[{"@type":"ReadAction","target":["https:\/\/kasaisushi.dk\/norrebro\/ofte-stillede-spoergsmaal"]}]},{"@type":"BreadcrumbList","@id":"https:\/\/kasaisushi.dk\/norrebro\/ofte-stillede-spoergsmaal#breadcrumb","itemListElement":[{"@type":"ListItem","position":1,"name":"Hjem","item":"https:\/\/kasaisushi.dk\/norrebro\/"},{"@type":"ListItem","position":2,"name":"Ofte stillede sp\u00f8rgsm\u00e5l"}]},{"@type":"WebSite","@id":"https:\/\/kasaisushi.dk\/norrebro\/#website","url":"https:\/\/kasaisushi.dk\/norrebro\/","name":"Kasai N\u00f8rrebro","description":"","potentialAction":[{"@type":"SearchAction","target":{"@type":"EntryPoint","urlTemplate":"https:\/\/kasaisushi.dk\/norrebro\/?s={search_term_string}"},"query-input":"required name=search_term_string"}],"inLanguage":"da-DK"}]}},"_links":{"self":[{"href":"https:\/\/kasaisushi.dk\/norrebro\/wp-json\/wp\/v2\/pages\/9854"}],"collection":[{"href":"https:\/\/kasaisushi.dk\/norrebro\/wp-json\/wp\/v2\/pages"}],"about":[{"href":"https:\/\/kasaisushi.dk\/norrebro\/wp-json\/wp\/v2\/types\/page"}],"author":[{"embeddable":true,"href":"https:\/\/kasaisushi.dk\/norrebro\/wp-json\/wp\/v2\/users\/3"}],"replies":[{"embeddable":true,"href":"https:\/\/kasaisushi.dk\/norrebro\/wp-json\/wp\/v2\/comments?post=9854"}],"version-history":[{"count":2,"href":"https:\/\/kasaisushi.dk\/norrebro\/wp-json\/wp\/v2\/pages\/9854\/revisions"}],"predecessor-version":[{"id":18084,"href":"https:\/\/kasaisushi.dk\/norrebro\/wp-json\/wp\/v2\/pages\/9854\/revisions\/18084"}],"wp:attachment":[{"href":"https:\/\/kasaisushi.dk\/norrebro\/wp-json\/wp\/v2\/media?parent=9854"}],"curies":[{"name":"wp","href":"https:\/\/api.w.org\/{rel}","templated":true}]}}