{"id":471,"date":"2019-03-13T10:13:48","date_gmt":"2019-03-13T10:13:48","guid":{"rendered":"https:\/\/kasaisushi.dk\/norrebro\/?page_id=471"},"modified":"2025-04-01T19:10:19","modified_gmt":"2025-04-01T17:10:19","slug":"booking","status":"publish","type":"page","link":"https:\/\/kasaisushi.dk\/norrebro\/booking","title":{"rendered":"Book bord p\u00e5 N\u00f8rrebro"},"content":{"rendered":"<p><!-- easyTableBooking START --><\/p>\n<p><script type=\"text\/javascript\">\n(function() { var st=document.createElement('script'); st.type='text\/javascript'; st.async=true; st.src='\/\/book.easytablebooking.com\/book\/widget\/v3\/book.js'; var sc=document.getElementsByTagName('script')[0]; sc.parentNode.insertBefore(st, sc); })();\n<\/script><\/p>\n<p><noscript>Din browser har deaktiveret JavaScript!<\/noscript><\/p>\n<div class=\"BookingBox\" data-place=\"45e95\" data-lang=\"auto\">I samarbejde med <a title=\"Online restaurant booking\" href=\"http:\/\/easytablebooking.dk\/\" target=\"_blank\" rel=\"noopener\">easyTableBooking.dk<\/a><\/div>\n<div data-place=\"45e95\" data-lang=\"auto\">\u00a0<\/div>\n<div data-place=\"45e95\" data-lang=\"auto\">\n<div id='gallery-1' class='gallery galleryid-471 gallery-columns-3 gallery-size-large gallery-link-file'><figure class='gallery-item'>\r\n                <div class='gallery-icon landscape'>\r\n                    <a href='https:\/\/kasaisushi.dk\/norrebro\/wp-content\/uploads\/sites\/3\/2024\/07\/kasai-31-scaled.jpg'><img loading=\"lazy\" decoding=\"async\" width=\"1920\" height=\"1080\" src=\"https:\/\/kasaisushi.dk\/norrebro\/wp-content\/uploads\/sites\/3\/2024\/07\/kasai-31-1920x1080.jpg\" class=\"attachment-large size-large\" alt=\"\" data-stom-height=\"1440\" data-stom-width=\"2560\" srcset=\"https:\/\/kasaisushi.dk\/norrebro\/wp-content\/uploads\/sites\/3\/2024\/07\/kasai-31-1920x1080.jpg 1920w, https:\/\/kasaisushi.dk\/norrebro\/wp-content\/uploads\/sites\/3\/2024\/07\/kasai-31-600x338.jpg 600w, https:\/\/kasaisushi.dk\/norrebro\/wp-content\/uploads\/sites\/3\/2024\/07\/kasai-31-768x432.jpg 768w, https:\/\/kasaisushi.dk\/norrebro\/wp-content\/uploads\/sites\/3\/2024\/07\/kasai-31-1536x864.jpg 1536w, https:\/\/kasaisushi.dk\/norrebro\/wp-content\/uploads\/sites\/3\/2024\/07\/kasai-31-2048x1152.jpg 2048w, https:\/\/kasaisushi.dk\/norrebro\/wp-content\/uploads\/sites\/3\/2024\/07\/kasai-31-1024x576.jpg 1024w, https:\/\/kasaisushi.dk\/norrebro\/wp-content\/uploads\/sites\/3\/2024\/07\/kasai-31-1200x675.jpg 1200w, https:\/\/kasaisushi.dk\/norrebro\/wp-content\/uploads\/sites\/3\/2024\/07\/kasai-31-1366x768.jpg 1366w, https:\/\/kasaisushi.dk\/norrebro\/wp-content\/uploads\/sites\/3\/2024\/07\/kasai-31-1600x900.jpg 1600w\" sizes=\"(min-width: 1200px) 1200px, 100vw\" \/><\/a>\r\n                <\/div><\/figure><figure class='gallery-item'>\r\n                <div class='gallery-icon landscape'>\r\n                    <a href='https:\/\/kasaisushi.dk\/norrebro\/wp-content\/uploads\/sites\/3\/2024\/07\/baggrund-book-bord-paa-noerrebro-scaled.jpg'><img loading=\"lazy\" decoding=\"async\" width=\"1920\" height=\"1080\" src=\"https:\/\/kasaisushi.dk\/norrebro\/wp-content\/uploads\/sites\/3\/2024\/07\/baggrund-book-bord-paa-noerrebro-1920x1080.jpg\" class=\"attachment-large size-large\" alt=\"\" data-stom-height=\"1440\" data-stom-width=\"2560\" srcset=\"https:\/\/kasaisushi.dk\/norrebro\/wp-content\/uploads\/sites\/3\/2024\/07\/baggrund-book-bord-paa-noerrebro-1920x1080.jpg 1920w, https:\/\/kasaisushi.dk\/norrebro\/wp-content\/uploads\/sites\/3\/2024\/07\/baggrund-book-bord-paa-noerrebro-600x337.jpg 600w, https:\/\/kasaisushi.dk\/norrebro\/wp-content\/uploads\/sites\/3\/2024\/07\/baggrund-book-bord-paa-noerrebro-768x432.jpg 768w, https:\/\/kasaisushi.dk\/norrebro\/wp-content\/uploads\/sites\/3\/2024\/07\/baggrund-book-bord-paa-noerrebro-1536x864.jpg 1536w, https:\/\/kasaisushi.dk\/norrebro\/wp-content\/uploads\/sites\/3\/2024\/07\/baggrund-book-bord-paa-noerrebro-2048x1152.jpg 2048w, https:\/\/kasaisushi.dk\/norrebro\/wp-content\/uploads\/sites\/3\/2024\/07\/baggrund-book-bord-paa-noerrebro-1024x576.jpg 1024w, https:\/\/kasaisushi.dk\/norrebro\/wp-content\/uploads\/sites\/3\/2024\/07\/baggrund-book-bord-paa-noerrebro-1200x675.jpg 1200w, https:\/\/kasaisushi.dk\/norrebro\/wp-content\/uploads\/sites\/3\/2024\/07\/baggrund-book-bord-paa-noerrebro-1366x768.jpg 1366w, https:\/\/kasaisushi.dk\/norrebro\/wp-content\/uploads\/sites\/3\/2024\/07\/baggrund-book-bord-paa-noerrebro-1600x900.jpg 1600w\" sizes=\"(min-width: 1200px) 1200px, 100vw\" \/><\/a>\r\n                <\/div><\/figure><figure class='gallery-item'>\r\n                <div class='gallery-icon landscape'>\r\n                    <a href='https:\/\/kasaisushi.dk\/norrebro\/wp-content\/uploads\/sites\/3\/2024\/07\/kasai-23-scaled.jpg'><img loading=\"lazy\" decoding=\"async\" width=\"1920\" height=\"1080\" src=\"https:\/\/kasaisushi.dk\/norrebro\/wp-content\/uploads\/sites\/3\/2024\/07\/kasai-23-1920x1080.jpg\" class=\"attachment-large size-large\" alt=\"\" data-stom-height=\"1440\" data-stom-width=\"2560\" srcset=\"https:\/\/kasaisushi.dk\/norrebro\/wp-content\/uploads\/sites\/3\/2024\/07\/kasai-23-1920x1080.jpg 1920w, https:\/\/kasaisushi.dk\/norrebro\/wp-content\/uploads\/sites\/3\/2024\/07\/kasai-23-600x338.jpg 600w, https:\/\/kasaisushi.dk\/norrebro\/wp-content\/uploads\/sites\/3\/2024\/07\/kasai-23-768x432.jpg 768w, https:\/\/kasaisushi.dk\/norrebro\/wp-content\/uploads\/sites\/3\/2024\/07\/kasai-23-1536x864.jpg 1536w, https:\/\/kasaisushi.dk\/norrebro\/wp-content\/uploads\/sites\/3\/2024\/07\/kasai-23-2048x1152.jpg 2048w, https:\/\/kasaisushi.dk\/norrebro\/wp-content\/uploads\/sites\/3\/2024\/07\/kasai-23-1024x576.jpg 1024w, https:\/\/kasaisushi.dk\/norrebro\/wp-content\/uploads\/sites\/3\/2024\/07\/kasai-23-1200x675.jpg 1200w, https:\/\/kasaisushi.dk\/norrebro\/wp-content\/uploads\/sites\/3\/2024\/07\/kasai-23-1366x768.jpg 1366w, https:\/\/kasaisushi.dk\/norrebro\/wp-content\/uploads\/sites\/3\/2024\/07\/kasai-23-1600x900.jpg 1600w\" sizes=\"(min-width: 1200px) 1200px, 100vw\" \/><\/a>\r\n                <\/div><\/figure><figure class='gallery-item'>\r\n                <div class='gallery-icon landscape'>\r\n                    <a href='https:\/\/kasaisushi.dk\/norrebro\/wp-content\/uploads\/sites\/3\/2024\/07\/kasai-17-scaled.jpg'><img loading=\"lazy\" decoding=\"async\" width=\"1920\" height=\"1080\" src=\"https:\/\/kasaisushi.dk\/norrebro\/wp-content\/uploads\/sites\/3\/2024\/07\/kasai-17-1920x1080.jpg\" class=\"attachment-large size-large\" alt=\"\" data-stom-height=\"1440\" data-stom-width=\"2560\" srcset=\"https:\/\/kasaisushi.dk\/norrebro\/wp-content\/uploads\/sites\/3\/2024\/07\/kasai-17-1920x1080.jpg 1920w, https:\/\/kasaisushi.dk\/norrebro\/wp-content\/uploads\/sites\/3\/2024\/07\/kasai-17-600x338.jpg 600w, https:\/\/kasaisushi.dk\/norrebro\/wp-content\/uploads\/sites\/3\/2024\/07\/kasai-17-768x432.jpg 768w, https:\/\/kasaisushi.dk\/norrebro\/wp-content\/uploads\/sites\/3\/2024\/07\/kasai-17-1536x864.jpg 1536w, https:\/\/kasaisushi.dk\/norrebro\/wp-content\/uploads\/sites\/3\/2024\/07\/kasai-17-2048x1152.jpg 2048w, https:\/\/kasaisushi.dk\/norrebro\/wp-content\/uploads\/sites\/3\/2024\/07\/kasai-17-1024x576.jpg 1024w, https:\/\/kasaisushi.dk\/norrebro\/wp-content\/uploads\/sites\/3\/2024\/07\/kasai-17-1200x675.jpg 1200w, https:\/\/kasaisushi.dk\/norrebro\/wp-content\/uploads\/sites\/3\/2024\/07\/kasai-17-1366x768.jpg 1366w, https:\/\/kasaisushi.dk\/norrebro\/wp-content\/uploads\/sites\/3\/2024\/07\/kasai-17-1600x900.jpg 1600w\" sizes=\"(min-width: 1200px) 1200px, 100vw\" \/><\/a>\r\n                <\/div><\/figure><figure class='gallery-item'>\r\n                <div class='gallery-icon landscape'>\r\n                    <a href='https:\/\/kasaisushi.dk\/norrebro\/wp-content\/uploads\/sites\/3\/2024\/07\/kasai-15-scaled.jpg'><img loading=\"lazy\" decoding=\"async\" width=\"1920\" height=\"1080\" src=\"https:\/\/kasaisushi.dk\/norrebro\/wp-content\/uploads\/sites\/3\/2024\/07\/kasai-15-1920x1080.jpg\" class=\"attachment-large size-large\" alt=\"\" data-stom-height=\"1440\" data-stom-width=\"2560\" srcset=\"https:\/\/kasaisushi.dk\/norrebro\/wp-content\/uploads\/sites\/3\/2024\/07\/kasai-15-1920x1080.jpg 1920w, https:\/\/kasaisushi.dk\/norrebro\/wp-content\/uploads\/sites\/3\/2024\/07\/kasai-15-600x338.jpg 600w, https:\/\/kasaisushi.dk\/norrebro\/wp-content\/uploads\/sites\/3\/2024\/07\/kasai-15-768x432.jpg 768w, https:\/\/kasaisushi.dk\/norrebro\/wp-content\/uploads\/sites\/3\/2024\/07\/kasai-15-1536x864.jpg 1536w, https:\/\/kasaisushi.dk\/norrebro\/wp-content\/uploads\/sites\/3\/2024\/07\/kasai-15-2048x1152.jpg 2048w, https:\/\/kasaisushi.dk\/norrebro\/wp-content\/uploads\/sites\/3\/2024\/07\/kasai-15-1024x576.jpg 1024w, https:\/\/kasaisushi.dk\/norrebro\/wp-content\/uploads\/sites\/3\/2024\/07\/kasai-15-1200x675.jpg 1200w, https:\/\/kasaisushi.dk\/norrebro\/wp-content\/uploads\/sites\/3\/2024\/07\/kasai-15-1366x768.jpg 1366w, https:\/\/kasaisushi.dk\/norrebro\/wp-content\/uploads\/sites\/3\/2024\/07\/kasai-15-1600x900.jpg 1600w\" sizes=\"(min-width: 1200px) 1200px, 100vw\" \/><\/a>\r\n                <\/div><\/figure><figure class='gallery-item'>\r\n                <div class='gallery-icon landscape'>\r\n                    <a href='https:\/\/kasaisushi.dk\/norrebro\/wp-content\/uploads\/sites\/3\/2024\/07\/kasai-05-scaled.jpg'><img loading=\"lazy\" decoding=\"async\" width=\"1920\" height=\"1080\" src=\"https:\/\/kasaisushi.dk\/norrebro\/wp-content\/uploads\/sites\/3\/2024\/07\/kasai-05-1920x1080.jpg\" class=\"attachment-large size-large\" alt=\"\" data-stom-height=\"1440\" data-stom-width=\"2560\" srcset=\"https:\/\/kasaisushi.dk\/norrebro\/wp-content\/uploads\/sites\/3\/2024\/07\/kasai-05-1920x1080.jpg 1920w, https:\/\/kasaisushi.dk\/norrebro\/wp-content\/uploads\/sites\/3\/2024\/07\/kasai-05-600x338.jpg 600w, https:\/\/kasaisushi.dk\/norrebro\/wp-content\/uploads\/sites\/3\/2024\/07\/kasai-05-768x432.jpg 768w, https:\/\/kasaisushi.dk\/norrebro\/wp-content\/uploads\/sites\/3\/2024\/07\/kasai-05-1536x864.jpg 1536w, https:\/\/kasaisushi.dk\/norrebro\/wp-content\/uploads\/sites\/3\/2024\/07\/kasai-05-2048x1152.jpg 2048w, https:\/\/kasaisushi.dk\/norrebro\/wp-content\/uploads\/sites\/3\/2024\/07\/kasai-05-1024x576.jpg 1024w, https:\/\/kasaisushi.dk\/norrebro\/wp-content\/uploads\/sites\/3\/2024\/07\/kasai-05-1200x675.jpg 1200w, https:\/\/kasaisushi.dk\/norrebro\/wp-content\/uploads\/sites\/3\/2024\/07\/kasai-05-1366x768.jpg 1366w, https:\/\/kasaisushi.dk\/norrebro\/wp-content\/uploads\/sites\/3\/2024\/07\/kasai-05-1600x900.jpg 1600w\" sizes=\"(min-width: 1200px) 1200px, 100vw\" \/><\/a>\r\n                <\/div><\/figure>\r\n            <\/div>\n\n<\/div>\n<p><!-- easyTableBooking END --><\/p>\n\r\n\r\n<div  class='galleri last stom-cols-elm stom-cols-6'><\/div>\n","protected":false},"excerpt":{"rendered":"","protected":false},"author":1,"featured_media":0,"parent":0,"menu_order":0,"comment_status":"closed","ping_status":"closed","template":"","meta":{"footnotes":""},"acf":[],"yoast_head":"<!-- This site is optimized with the Yoast SEO plugin v21.9.1 - https:\/\/yoast.com\/wordpress\/plugins\/seo\/ -->\n<title>Book bord p\u00e5 N\u00f8rrebro - Kasai N\u00f8rrebro<\/title>\n<meta name=\"robots\" content=\"index, follow, max-snippet:-1, max-image-preview:large, max-video-preview:-1\" \/>\n<link rel=\"canonical\" href=\"https:\/\/kasaisushi.dk\/norrebro\/booking\" \/>\n<meta property=\"og:locale\" content=\"da_DK\" \/>\n<meta property=\"og:type\" content=\"article\" \/>\n<meta property=\"og:title\" content=\"Book bord p\u00e5 N\u00f8rrebro - Kasai N\u00f8rrebro\" \/>\n<meta property=\"og:url\" content=\"https:\/\/kasaisushi.dk\/norrebro\/booking\" \/>\n<meta property=\"og:site_name\" content=\"Kasai N\u00f8rrebro\" \/>\n<meta property=\"article:modified_time\" content=\"2025-04-01T17:10:19+00:00\" \/>\n<meta property=\"og:image\" content=\"https:\/\/kasaisushi.dk\/norrebro\/wp-content\/uploads\/sites\/3\/2024\/07\/kasai-31-1920x1080.jpg\" \/>\n<meta name=\"twitter:card\" content=\"summary_large_image\" \/>\n<meta name=\"twitter:label1\" content=\"Estimeret l\u00e6setid\" \/>\n\t<meta name=\"twitter:data1\" content=\"1 minut\" \/>\n<!-- \/ Yoast SEO plugin. -->","yoast_head_json":{"title":"Book bord p\u00e5 N\u00f8rrebro - Kasai N\u00f8rrebro","robots":{"index":"index","follow":"follow","max-snippet":"max-snippet:-1","max-image-preview":"max-image-preview:large","max-video-preview":"max-video-preview:-1"},"canonical":"https:\/\/kasaisushi.dk\/norrebro\/booking","og_locale":"da_DK","og_type":"article","og_title":"Book bord p\u00e5 N\u00f8rrebro - Kasai N\u00f8rrebro","og_url":"https:\/\/kasaisushi.dk\/norrebro\/booking","og_site_name":"Kasai N\u00f8rrebro","article_modified_time":"2025-04-01T17:10:19+00:00","og_image":[{"url":"https:\/\/kasaisushi.dk\/norrebro\/wp-content\/uploads\/sites\/3\/2024\/07\/kasai-31-1920x1080.jpg"}],"twitter_card":"summary_large_image","twitter_misc":{"Estimeret l\u00e6setid":"1 minut"},"schema":{"@context":"https:\/\/schema.org","@graph":[{"@type":"WebPage","@id":"https:\/\/kasaisushi.dk\/norrebro\/booking","url":"https:\/\/kasaisushi.dk\/norrebro\/booking","name":"Book bord p\u00e5 N\u00f8rrebro - Kasai N\u00f8rrebro","isPartOf":{"@id":"https:\/\/kasaisushi.dk\/norrebro\/#website"},"datePublished":"2019-03-13T10:13:48+00:00","dateModified":"2025-04-01T17:10:19+00:00","breadcrumb":{"@id":"https:\/\/kasaisushi.dk\/norrebro\/booking#breadcrumb"},"inLanguage":"da-DK","potentialAction":[{"@type":"ReadAction","target":["https:\/\/kasaisushi.dk\/norrebro\/booking"]}]},{"@type":"BreadcrumbList","@id":"https:\/\/kasaisushi.dk\/norrebro\/booking#breadcrumb","itemListElement":[{"@type":"ListItem","position":1,"name":"Hjem","item":"https:\/\/kasaisushi.dk\/norrebro\/"},{"@type":"ListItem","position":2,"name":"Book bord p\u00e5 N\u00f8rrebro"}]},{"@type":"WebSite","@id":"https:\/\/kasaisushi.dk\/norrebro\/#website","url":"https:\/\/kasaisushi.dk\/norrebro\/","name":"Kasai N\u00f8rrebro","description":"","potentialAction":[{"@type":"SearchAction","target":{"@type":"EntryPoint","urlTemplate":"https:\/\/kasaisushi.dk\/norrebro\/?s={search_term_string}"},"query-input":"required name=search_term_string"}],"inLanguage":"da-DK"}]}},"_links":{"self":[{"href":"https:\/\/kasaisushi.dk\/norrebro\/wp-json\/wp\/v2\/pages\/471"}],"collection":[{"href":"https:\/\/kasaisushi.dk\/norrebro\/wp-json\/wp\/v2\/pages"}],"about":[{"href":"https:\/\/kasaisushi.dk\/norrebro\/wp-json\/wp\/v2\/types\/page"}],"author":[{"embeddable":true,"href":"https:\/\/kasaisushi.dk\/norrebro\/wp-json\/wp\/v2\/users\/1"}],"replies":[{"embeddable":true,"href":"https:\/\/kasaisushi.dk\/norrebro\/wp-json\/wp\/v2\/comments?post=471"}],"version-history":[{"count":15,"href":"https:\/\/kasaisushi.dk\/norrebro\/wp-json\/wp\/v2\/pages\/471\/revisions"}],"predecessor-version":[{"id":18121,"href":"https:\/\/kasaisushi.dk\/norrebro\/wp-json\/wp\/v2\/pages\/471\/revisions\/18121"}],"wp:attachment":[{"href":"https:\/\/kasaisushi.dk\/norrebro\/wp-json\/wp\/v2\/media?parent=471"}],"curies":[{"name":"wp","href":"https:\/\/api.w.org\/{rel}","templated":true}]}}